{"id":52,"date":"2021-03-21T15:15:01","date_gmt":"2021-03-21T06:15:01","guid":{"rendered":"https:\/\/guia-espanol.tokyo\/guia\/?page_id=52"},"modified":"2024-01-17T16:58:55","modified_gmt":"2024-01-17T07:58:55","slug":"introduccion","status":"publish","type":"page","link":"https:\/\/www.guia-espanol.tokyo\/?page_id=52","title":{"rendered":"Introducci\u00f3n"},"content":{"rendered":"<h3 class=\"style3a\" style=\"border-color: #cccccc;\">Sobre m\u00ed<\/h3>\n<p><img fetchpriority=\"high\" decoding=\"async\" class=\"size-medium wp-image-500 aligncenter\" src=\"https:\/\/guia-espanol.tokyo\/guia\/wp-content\/uploads\/2021\/04\/ytw-300x300.jpg\" alt=\"Yuko Tocco\" width=\"300\" height=\"300\" srcset=\"https:\/\/www.guia-espanol.tokyo\/guia\/wp-content\/uploads\/2021\/04\/ytw-300x300.jpg 300w, https:\/\/www.guia-espanol.tokyo\/guia\/wp-content\/uploads\/2021\/04\/ytw-150x150.jpg 150w, https:\/\/www.guia-espanol.tokyo\/guia\/wp-content\/uploads\/2021\/04\/ytw-768x768.jpg 768w, https:\/\/www.guia-espanol.tokyo\/guia\/wp-content\/uploads\/2021\/04\/ytw-240x240.jpg 240w, https:\/\/www.guia-espanol.tokyo\/guia\/wp-content\/uploads\/2021\/04\/ytw-570x570.jpg 570w, https:\/\/www.guia-espanol.tokyo\/guia\/wp-content\/uploads\/2021\/04\/ytw-130x130.jpg 130w, https:\/\/www.guia-espanol.tokyo\/guia\/wp-content\/uploads\/2021\/04\/ytw.jpg 960w\" sizes=\"(max-width: 300px) 100vw, 300px\" \/><\/p>\n<p>Hola, mi nombre es Yuko.\u00a0 Soy gu\u00eda de turismo licenciada en espa\u00f1ol e ingl\u00e9s. Soy japonesa y he tenido experiencia de vivir en EEUU, Espa\u00f1a y Argentina.<\/p>\n<p>En Jap\u00f3n hay un dicho del budismo Zen que dice \u00a0\u201c\u4e00\u671f\u4e00\u4f1a\u201d (se pronuncia Ichigo-Ichie) y significa \u201cUn encuentro es algo \u00fanico e irrepetible\u201d. \u00a0 Yo quiero que puedan aprovechar al m\u00e1ximo su visita para conocer este pa\u00eds y cultura.<\/p>\n<h3 class=\"style3a\" style=\"border-color: #cccccc;\">Servicio de gu\u00eda<\/h3>\n<p>Para facilitar el viaje a Jap\u00f3n por el tema idioma y aprovechar el tiempo limitado de viaje, me gusta ayudar a los visitantes para que conozcan especialmente la zona de Tokio, Yokohama y Kamakura. Los voy a guiar y ayudar para que se lleven un recuerdo inolvidable y \u00fanico para entender mejor la cultura y costumbres de este hermoso pa\u00eds que es Jap\u00f3n.<\/p>\n<p style=\"text-align: center;\"><a class=\"q_button bt_blue\" href=\"https:\/\/www.guia-espanol.tokyo\/ejemplo-de-itinerario\">Gu\u00eda tur\u00edstica<\/a><\/p>\n<p style=\"text-align: center;\">\n","protected":false},"excerpt":{"rendered":"Sobre m\u00ed Hola, mi nombre es Yuko.\u00a0 Soy gu\u00eda de turismo licenciada en espa\u00f1ol e ingl\u00e9s. Soy japonesa  [&hellip;]","protected":false},"author":1,"featured_media":0,"parent":0,"menu_order":0,"comment_status":"closed","ping_status":"closed","template":"","meta":{"footnotes":""},"class_list":["post-52","page","type-page","status-publish","hentry"],"_links":{"self":[{"href":"https:\/\/www.guia-espanol.tokyo\/index.php?rest_route=\/wp\/v2\/pages\/52","targetHints":{"allow":["GET"]}}],"collection":[{"href":"https:\/\/www.guia-espanol.tokyo\/index.php?rest_route=\/wp\/v2\/pages"}],"about":[{"href":"https:\/\/www.guia-espanol.tokyo\/index.php?rest_route=\/wp\/v2\/types\/page"}],"author":[{"embeddable":true,"href":"https:\/\/www.guia-espanol.tokyo\/index.php?rest_route=\/wp\/v2\/users\/1"}],"replies":[{"embeddable":true,"href":"https:\/\/www.guia-espanol.tokyo\/index.php?rest_route=%2Fwp%2Fv2%2Fcomments&post=52"}],"version-history":[{"count":14,"href":"https:\/\/www.guia-espanol.tokyo\/index.php?rest_route=\/wp\/v2\/pages\/52\/revisions"}],"predecessor-version":[{"id":586,"href":"https:\/\/www.guia-espanol.tokyo\/index.php?rest_route=\/wp\/v2\/pages\/52\/revisions\/586"}],"wp:attachment":[{"href":"https:\/\/www.guia-espanol.tokyo\/index.php?rest_route=%2Fwp%2Fv2%2Fmedia&parent=52"}],"curies":[{"name":"wp","href":"https:\/\/api.w.org\/{rel}","templated":true}]}}