{"id":55,"date":"2021-03-21T15:26:23","date_gmt":"2021-03-21T06:26:23","guid":{"rendered":"https:\/\/guia-espanol.tokyo\/guia\/?page_id=55"},"modified":"2021-05-04T20:24:25","modified_gmt":"2021-05-04T11:24:25","slug":"ejemplo-de-itinerario","status":"publish","type":"page","link":"https:\/\/www.guia-espanol.tokyo\/?page_id=55","title":{"rendered":"Gu\u00eda tur\u00edstica"},"content":{"rendered":"<p>Para conocer los mejores lugares de Tokio y alrededores y tener un recuerdo inolvidable en su tiempo limitado de viaje, propongo algunos planes de <strong>8 horas por <\/strong><strong>d\u00eda<\/strong>.<\/p>\n<p>Los programas son flexibles de acuerdo a su inter\u00e9s y tiempo.<\/p>\n<h3 class=\"style3a\" style=\"border-color: #cccccc;\">Tokio<\/h3>\n<h4 class=\"style4a\" style=\"border-color: #000000;\">D\u00eda 1<\/h4>\n<div class=\"post_row\">\n<div class=\"post_col post_col-3\" style=\"text-align: center;\"><img fetchpriority=\"high\" decoding=\"async\" class=\"alignnone wp-image-512 size-full\" src=\"https:\/\/guia-espanol.tokyo\/guia\/wp-content\/uploads\/2021\/04\/asakusa1_R.jpg\" alt=\"Dia 1\" width=\"350\" height=\"262\" srcset=\"https:\/\/www.guia-espanol.tokyo\/guia\/wp-content\/uploads\/2021\/04\/asakusa1_R.jpg 350w, https:\/\/www.guia-espanol.tokyo\/guia\/wp-content\/uploads\/2021\/04\/asakusa1_R-300x225.jpg 300w\" sizes=\"(max-width: 350px) 100vw, 350px\" \/><\/div>\n<div class=\"post_col post_col-3\" style=\"text-align: center;\"><img decoding=\"async\" class=\"aligncenter wp-image-511 size-full\" src=\"https:\/\/guia-espanol.tokyo\/guia\/wp-content\/uploads\/2021\/04\/hamarikyu3_R.jpg\" alt=\"Dia 1\" width=\"350\" height=\"262\" srcset=\"https:\/\/www.guia-espanol.tokyo\/guia\/wp-content\/uploads\/2021\/04\/hamarikyu3_R.jpg 350w, https:\/\/www.guia-espanol.tokyo\/guia\/wp-content\/uploads\/2021\/04\/hamarikyu3_R-300x225.jpg 300w\" sizes=\"(max-width: 350px) 100vw, 350px\" \/><\/div>\n<div class=\"post_col post_col-3\" style=\"text-align: center;\"><img decoding=\"async\" class=\"aligncenter wp-image-510 size-full\" src=\"https:\/\/guia-espanol.tokyo\/guia\/wp-content\/uploads\/2021\/04\/ginza_R.jpg\" alt=\"Dia 1\" width=\"350\" height=\"262\" srcset=\"https:\/\/www.guia-espanol.tokyo\/guia\/wp-content\/uploads\/2021\/04\/ginza_R.jpg 350w, https:\/\/www.guia-espanol.tokyo\/guia\/wp-content\/uploads\/2021\/04\/ginza_R-300x225.jpg 300w\" sizes=\"(max-width: 350px) 100vw, 350px\" \/><\/div>\n<\/div>\n<ul>\n<li>Mercado Exterior de Tsukiji :<br \/>\nuna area bulliciosa dedicada a comida japonesa con tiendas de productos frescos y mariscos.<\/li>\n<li>Los Jardines Hamarikyu :<br \/>\nun jard\u00edn tradicional japon\u00e9s con un estanque central con una vista moderna de los edificio del centro de Tokio. Se puede disfrutar la naturaleza de cada estaci\u00f3n.<\/li>\n<li>Crucero en barco por el R\u00edo Sumida:<br \/>\nuna vista diferente con la torre Tokyo Skytree<\/li>\n<li>Asakusa :<br \/>\nel templo budista m\u00e1s antiguo de Tokio, Senso-ji y los negocios en los alrededores de t\u00edpicas artesan\u00edas tradicional y dulces.<\/li>\n<li>Ginza :<br \/>\nbarrio comercial con los negocios de marcas famosas y grandes almacenes comerciales<\/li>\n<\/ul>\n<h4 class=\"style4a\" style=\"border-color: #000000;\">D\u00eda 2<\/h4>\n<div class=\"post_row\">\n<div class=\"post_col post_col-3\" style=\"text-align: center;\"><img loading=\"lazy\" decoding=\"async\" class=\"aligncenter wp-image-515 size-full\" src=\"https:\/\/guia-espanol.tokyo\/guia\/wp-content\/uploads\/2021\/04\/Muijijingu2_R.jpg\" alt=\"Dia 2\" width=\"350\" height=\"262\" srcset=\"https:\/\/www.guia-espanol.tokyo\/guia\/wp-content\/uploads\/2021\/04\/Muijijingu2_R.jpg 350w, https:\/\/www.guia-espanol.tokyo\/guia\/wp-content\/uploads\/2021\/04\/Muijijingu2_R-300x225.jpg 300w\" sizes=\"(max-width: 350px) 100vw, 350px\" \/><\/div>\n<div class=\"post_col post_col-3\" style=\"text-align: center;\"><img loading=\"lazy\" decoding=\"async\" class=\"aligncenter wp-image-516 size-full\" src=\"https:\/\/guia-espanol.tokyo\/guia\/wp-content\/uploads\/2021\/04\/Tocho1_R.jpg\" alt=\"Dia 2\" width=\"350\" height=\"262\" srcset=\"https:\/\/www.guia-espanol.tokyo\/guia\/wp-content\/uploads\/2021\/04\/Tocho1_R.jpg 350w, https:\/\/www.guia-espanol.tokyo\/guia\/wp-content\/uploads\/2021\/04\/Tocho1_R-300x225.jpg 300w\" sizes=\"(max-width: 350px) 100vw, 350px\" \/><\/div>\n<div class=\"post_col post_col-3\" style=\"text-align: center;\"><img loading=\"lazy\" decoding=\"async\" class=\"aligncenter wp-image-517 size-full\" src=\"https:\/\/guia-espanol.tokyo\/guia\/wp-content\/uploads\/2021\/04\/IMG_0043_R.jpg\" alt=\"Dia 2\" width=\"350\" height=\"262\" srcset=\"https:\/\/www.guia-espanol.tokyo\/guia\/wp-content\/uploads\/2021\/04\/IMG_0043_R.jpg 350w, https:\/\/www.guia-espanol.tokyo\/guia\/wp-content\/uploads\/2021\/04\/IMG_0043_R-300x225.jpg 300w\" sizes=\"(max-width: 350px) 100vw, 350px\" \/><\/div>\n<\/div>\n<ul>\n<li>El mirador del Gobierno Metropolitano de Tokio en Shinjuku<\/li>\n<li>Meiji-Jingu, el santuario Sinto\u00edsta que m\u00e1s conocido en Tokio<\/li>\n<li>Takeshita-Dori en Harajuku :<br \/>\nla meca de moda de la juventud de Tokio<\/li>\n<li>Omotesando:<br \/>\navenida bordeada de arboles donde hay gran cantidad de tiendas, dise\u00f1adas por arquitectos conocidos<\/li>\n<li>Shibuya:<br \/>\nbarrio comercial con el ic\u00f3nico cruce de Shibuya, una de las v\u00edas peatonales m\u00e1s transitadas del mundo y la estatua de Hachiko<\/li>\n<\/ul>\n<h4 class=\"style4a\" style=\"border-color: #000000;\">D\u00eda 3<\/h4>\n<div class=\"post_row\">\n<div class=\"post_col post_col-3\" style=\"text-align: center;\"><img loading=\"lazy\" decoding=\"async\" class=\"aligncenter wp-image-518 size-full\" src=\"https:\/\/guia-espanol.tokyo\/guia\/wp-content\/uploads\/2021\/04\/odaiba_R.jpg\" alt=\"Dia 3\" width=\"350\" height=\"262\" srcset=\"https:\/\/www.guia-espanol.tokyo\/guia\/wp-content\/uploads\/2021\/04\/odaiba_R.jpg 350w, https:\/\/www.guia-espanol.tokyo\/guia\/wp-content\/uploads\/2021\/04\/odaiba_R-300x225.jpg 300w\" sizes=\"(max-width: 350px) 100vw, 350px\" \/><\/div>\n<div class=\"post_col post_col-3\" style=\"text-align: center;\"><img loading=\"lazy\" decoding=\"async\" class=\"aligncenter wp-image-519 size-full\" src=\"https:\/\/guia-espanol.tokyo\/guia\/wp-content\/uploads\/2021\/04\/\u7687\u5c45_R.jpg\" alt=\"Dia 3\" width=\"350\" height=\"262\" srcset=\"https:\/\/www.guia-espanol.tokyo\/guia\/wp-content\/uploads\/2021\/04\/\u7687\u5c45_R.jpg 350w, https:\/\/www.guia-espanol.tokyo\/guia\/wp-content\/uploads\/2021\/04\/\u7687\u5c45_R-300x225.jpg 300w\" sizes=\"(max-width: 350px) 100vw, 350px\" \/><\/div>\n<div class=\"post_col post_col-3\" style=\"text-align: center;\"><img loading=\"lazy\" decoding=\"async\" class=\"aligncenter wp-image-520 size-full\" src=\"https:\/\/guia-espanol.tokyo\/guia\/wp-content\/uploads\/2021\/04\/tokyotower_R.jpg\" alt=\"Dia 3\" width=\"350\" height=\"262\" srcset=\"https:\/\/www.guia-espanol.tokyo\/guia\/wp-content\/uploads\/2021\/04\/tokyotower_R.jpg 350w, https:\/\/www.guia-espanol.tokyo\/guia\/wp-content\/uploads\/2021\/04\/tokyotower_R-300x225.jpg 300w\" sizes=\"(max-width: 350px) 100vw, 350px\" \/><\/div>\n<\/div>\n<ul>\n<li>Los jardines del Palacio Imperial<\/li>\n<li>Odaiba:<br \/>\nzona comercial con vista de la bah\u00eda de Tokio donde hay museo digital de teamlab y lugar de exhibici\u00f3n de autos de Toyota, Megaweb<\/li>\n<li>Torre de Tokio:<br \/>\nla torre que tiene 333 metros de altura con extensa vista de cuidad desde su observatorio<\/li>\n<li>Roppongi:<br \/>\nzona m\u00e1s cosmopolita de Tokio con varios museos, negocios y restaurantes<\/li>\n<\/ul>\n<p>Otros lugares interesantes\u2026<\/p>\n<ul>\n<li>Calle Kappabashi en Asakusa \u2026 negocios de ceramica japonesa y cosas de cocina (cuchillos, sartenes, ingredientes, etc)<\/li>\n<li>Torre de Tokyo Skytree \u2026 con la altura de 634 metros y es la segunda torre m\u00e1s alta del mundo<\/li>\n<li>Akihabara \u2026 zona de negocios de electronica, manga, anime y bares tem\u00e1ticos -maid cafe-)<\/li>\n<\/ul>\n<p>\u2026 y mucho m\u00e1s!<\/p>\n<h3 class=\"style3a\" style=\"border-color: #cccccc;\">Kamakura<\/h3>\n<div class=\"post_row\">\n<div class=\"post_col post_col-3\" style=\"text-align: center;\"><img loading=\"lazy\" decoding=\"async\" class=\"aligncenter wp-image-530 size-full\" src=\"https:\/\/guia-espanol.tokyo\/guia\/wp-content\/uploads\/2021\/04\/IMG_5019_R.jpg\" alt=\"Kamakura\" width=\"350\" height=\"262\" srcset=\"https:\/\/www.guia-espanol.tokyo\/guia\/wp-content\/uploads\/2021\/04\/IMG_5019_R.jpg 350w, https:\/\/www.guia-espanol.tokyo\/guia\/wp-content\/uploads\/2021\/04\/IMG_5019_R-300x225.jpg 300w\" sizes=\"(max-width: 350px) 100vw, 350px\" \/><\/div>\n<div class=\"post_col post_col-3\" style=\"text-align: center;\"><img loading=\"lazy\" decoding=\"async\" class=\"aligncenter wp-image-531 size-full\" src=\"https:\/\/guia-espanol.tokyo\/guia\/wp-content\/uploads\/2021\/04\/IMG_3905_R.jpg\" alt=\"Kamakura\" width=\"350\" height=\"262\" srcset=\"https:\/\/www.guia-espanol.tokyo\/guia\/wp-content\/uploads\/2021\/04\/IMG_3905_R.jpg 350w, https:\/\/www.guia-espanol.tokyo\/guia\/wp-content\/uploads\/2021\/04\/IMG_3905_R-300x225.jpg 300w\" sizes=\"(max-width: 350px) 100vw, 350px\" \/><\/div>\n<div class=\"post_col post_col-3\" style=\"text-align: center;\"><img loading=\"lazy\" decoding=\"async\" class=\"aligncenter wp-image-532 size-full\" src=\"https:\/\/guia-espanol.tokyo\/guia\/wp-content\/uploads\/2021\/04\/IMG_3927_R.jpg\" alt=\"Kamakura\" width=\"350\" height=\"262\" srcset=\"https:\/\/www.guia-espanol.tokyo\/guia\/wp-content\/uploads\/2021\/04\/IMG_3927_R.jpg 350w, https:\/\/www.guia-espanol.tokyo\/guia\/wp-content\/uploads\/2021\/04\/IMG_3927_R-300x225.jpg 300w\" sizes=\"(max-width: 350px) 100vw, 350px\" \/><\/div>\n<\/div>\n<p>1 d\u00eda de excursion desde Tokio a Kamakura (50km desde Tokyo con 1 hora de viaje de tren)<\/p>\n<ul>\n<li>Gran Budda en Kotoku-in<\/li>\n<li>Templo Hase con la vista de mar<\/li>\n<li>Tsuruoka Hachimangu, el santuario Sintoista<\/li>\n<\/ul>\n<p>Opcional..<\/p>\n<ul>\n<li>Templo Zen, Enkaku-ji<\/li>\n<li>Templo Hokoku-ji con el jard\u00edn de bamb\u00fa<\/li>\n<\/ul>\n<h3 class=\"style3a\" style=\"border-color: #cccccc;\">Museos<\/h3>\n<ul>\n<li>Museo Ota en Harajuku (colecci\u00f3n de Ukiyoe)<\/li>\n<li>Museo Nezu en Aoyama (arte japon\u00e9s y de Asia y jard\u00edn japon\u00e9s)<\/li>\n<li>Museo Nacional de Tokio en Ueno<\/li>\n<\/ul>\n<p>Consultar por los programas a otras ciudades como Yokohama, Hakone y Nikko.<\/p>\n","protected":false},"excerpt":{"rendered":"Para conocer los mejores lugares de Tokio y alrededores y tener un recuerdo inolvidable en su tiempo [&hellip;]","protected":false},"author":1,"featured_media":0,"parent":0,"menu_order":0,"comment_status":"closed","ping_status":"closed","template":"","meta":{"footnotes":""},"class_list":["post-55","page","type-page","status-publish","hentry"],"_links":{"self":[{"href":"https:\/\/www.guia-espanol.tokyo\/index.php?rest_route=\/wp\/v2\/pages\/55","targetHints":{"allow":["GET"]}}],"collection":[{"href":"https:\/\/www.guia-espanol.tokyo\/index.php?rest_route=\/wp\/v2\/pages"}],"about":[{"href":"https:\/\/www.guia-espanol.tokyo\/index.php?rest_route=\/wp\/v2\/types\/page"}],"author":[{"embeddable":true,"href":"https:\/\/www.guia-espanol.tokyo\/index.php?rest_route=\/wp\/v2\/users\/1"}],"replies":[{"embeddable":true,"href":"https:\/\/www.guia-espanol.tokyo\/index.php?rest_route=%2Fwp%2Fv2%2Fcomments&post=55"}],"version-history":[{"count":22,"href":"https:\/\/www.guia-espanol.tokyo\/index.php?rest_route=\/wp\/v2\/pages\/55\/revisions"}],"predecessor-version":[{"id":580,"href":"https:\/\/www.guia-espanol.tokyo\/index.php?rest_route=\/wp\/v2\/pages\/55\/revisions\/580"}],"wp:attachment":[{"href":"https:\/\/www.guia-espanol.tokyo\/index.php?rest_route=%2Fwp%2Fv2%2Fmedia&parent=55"}],"curies":[{"name":"wp","href":"https:\/\/api.w.org\/{rel}","templated":true}]}}